{"id":2437,"date":"2024-10-10T13:58:41","date_gmt":"2024-10-10T13:58:41","guid":{"rendered":"https:\/\/greenexpresseg.com\/orange\/"},"modified":"2024-10-16T13:16:54","modified_gmt":"2024-10-16T13:16:54","slug":"arancione","status":"publish","type":"page","link":"https:\/\/greenexpresseg.com\/it\/arancione\/","title":{"rendered":"Pagina arancione"},"content":{"rendered":"\t\t<div data-elementor-type=\"wp-page\" data-elementor-id=\"2437\" class=\"elementor elementor-2437 elementor-1271\" data-elementor-post-type=\"page\">\n\t\t\t\t<div class=\"elementor-element elementor-element-5ef2199 e-flex e-con-boxed elementor-invisible e-con e-parent\" data-id=\"5ef2199\" data-element_type=\"container\" data-settings=\"{&quot;animation&quot;:&quot;fadeIn&quot;}\">\n\t\t\t\t\t<div class=\"e-con-inner\">\n\t\t<div class=\"elementor-element elementor-element-d2631f0 e-con-full e-flex e-con e-child\" data-id=\"d2631f0\" data-element_type=\"container\">\n\t\t\t\t<div class=\"elementor-element elementor-element-3bc82114 elementor-widget elementor-widget-image\" data-id=\"3bc82114\" data-element_type=\"widget\" data-widget_type=\"image.default\">\n\t\t\t\t<div class=\"elementor-widget-container\">\n\t\t\t\t\t\t\t\t\t\t\t\t\t\t\t<img fetchpriority=\"high\" decoding=\"async\" width=\"800\" height=\"600\" src=\"https:\/\/greenexpresseg.com\/wp-content\/uploads\/2024\/10\/sprzedam_owoce-swieze-pomarancze-_agromarket_gielda-rolna-927764-71996-1024x768.jpeg\" class=\"attachment-large size-large wp-image-1161\" alt=\"\" srcset=\"https:\/\/greenexpresseg.com\/wp-content\/uploads\/2024\/10\/sprzedam_owoce-swieze-pomarancze-_agromarket_gielda-rolna-927764-71996-1024x768.jpeg 1024w, https:\/\/greenexpresseg.com\/wp-content\/uploads\/2024\/10\/sprzedam_owoce-swieze-pomarancze-_agromarket_gielda-rolna-927764-71996-300x225.jpeg 300w, https:\/\/greenexpresseg.com\/wp-content\/uploads\/2024\/10\/sprzedam_owoce-swieze-pomarancze-_agromarket_gielda-rolna-927764-71996-768x576.jpeg 768w, https:\/\/greenexpresseg.com\/wp-content\/uploads\/2024\/10\/sprzedam_owoce-swieze-pomarancze-_agromarket_gielda-rolna-927764-71996.jpeg 1440w\" sizes=\"(max-width: 800px) 100vw, 800px\" \/>\t\t\t\t\t\t\t\t\t\t\t\t\t\t\t<\/div>\n\t\t\t\t<\/div>\n\t\t\t\t<div class=\"elementor-element elementor-element-1392c68 elementor-widget elementor-widget-image\" data-id=\"1392c68\" data-element_type=\"widget\" data-widget_type=\"image.default\">\n\t\t\t\t<div class=\"elementor-widget-container\">\n\t\t\t\t\t\t\t\t\t\t\t\t\t\t\t<img decoding=\"async\" width=\"600\" height=\"432\" src=\"https:\/\/greenexpresseg.com\/wp-content\/uploads\/2024\/10\/citrus01.jpg\" class=\"attachment-large size-large wp-image-1756\" alt=\"\" srcset=\"https:\/\/greenexpresseg.com\/wp-content\/uploads\/2024\/10\/citrus01.jpg 600w, https:\/\/greenexpresseg.com\/wp-content\/uploads\/2024\/10\/citrus01-300x216.jpg 300w\" sizes=\"(max-width: 600px) 100vw, 600px\" \/>\t\t\t\t\t\t\t\t\t\t\t\t\t\t\t<\/div>\n\t\t\t\t<\/div>\n\t\t\t\t<\/div>\n\t\t<div class=\"elementor-element elementor-element-61bdb611 e-con-full e-flex e-con e-child\" data-id=\"61bdb611\" data-element_type=\"container\" data-settings=\"{&quot;background_background&quot;:&quot;classic&quot;}\">\n\t\t\t\t<div class=\"elementor-element elementor-element-292df16a elementor-widget elementor-widget-heading\" data-id=\"292df16a\" data-element_type=\"widget\" data-widget_type=\"heading.default\">\n\t\t\t\t<div class=\"elementor-widget-container\">\n\t\t\t\t\t<h6 class=\"elementor-heading-title elementor-size-default\">Arancione<\/h6>\t\t\t\t<\/div>\n\t\t\t\t<\/div>\n\t\t\t\t<div class=\"elementor-element elementor-element-5cc2e7ab elementor-widget elementor-widget-heading\" data-id=\"5cc2e7ab\" data-element_type=\"widget\" data-widget_type=\"heading.default\">\n\t\t\t\t<div class=\"elementor-widget-container\">\n\t\t\t\t\t<h6 class=\"elementor-heading-title elementor-size-default\">Codice HS: 080510<\/h6>\t\t\t\t<\/div>\n\t\t\t\t<\/div>\n\t\t<div class=\"elementor-element elementor-element-78b14af9 e-con-full e-flex e-con e-child\" data-id=\"78b14af9\" data-element_type=\"container\">\n\t\t<div class=\"elementor-element elementor-element-c762c50 e-con-full e-flex e-con e-child\" data-id=\"c762c50\" data-element_type=\"container\">\n\t\t\t\t<div class=\"elementor-element elementor-element-59b3fa0a elementor-widget elementor-widget-text-editor\" data-id=\"59b3fa0a\" data-element_type=\"widget\" data-widget_type=\"text-editor.default\">\n\t\t\t\t<div class=\"elementor-widget-container\">\n\t\t\t\t\t\t\t\t\t<p><strong>Disponibilit\u00e0:<\/strong><\/p><ul><li><strong>Variet\u00e0<\/strong>: Spunta, Hermes, Karkah, Mondial.<\/li><li><strong>Periodo di disponibilit\u00e0:<\/strong> da novembre a giugno<\/li><\/ul><p><strong>Carico container:<\/strong><\/p><p>Carico container da 40 piedi da 25 tonnellate su 20 pallet.<\/p>\t\t\t\t\t\t\t\t<\/div>\n\t\t\t\t<\/div>\n\t\t\t\t<\/div>\n\t\t\t\t<\/div>\n\t\t<div class=\"elementor-element elementor-element-52a1ce06 e-con-full e-flex e-con e-child\" data-id=\"52a1ce06\" data-element_type=\"container\">\n\t\t<div class=\"elementor-element elementor-element-31ad1966 e-con-full e-flex e-con e-child\" data-id=\"31ad1966\" data-element_type=\"container\">\n\t\t\t\t<div class=\"elementor-element elementor-element-29d7884b elementor-widget elementor-widget-text-editor\" data-id=\"29d7884b\" data-element_type=\"widget\" data-widget_type=\"text-editor.default\">\n\t\t\t\t<div class=\"elementor-widget-container\">\n\t\t\t\t\t\t\t\t\t<p><strong>Misure:<\/strong><\/p><ul><li><strong>Navel:<\/strong> 44\/48\/56\/64\/72\/80\/88\/100\/105<\/li><li><strong>Valencia:<\/strong> 48\/56\/64\/72\/80\/88\/100\/105\/113\/125.<\/li><li><strong>Baladi:<\/strong> 56\/64\/72\/80\/88\/100\/105\/113\/125.<\/li><\/ul><p><br \/><strong>Imballaggio:<\/strong><\/p><p><strong>Tipo di imballaggio:<\/strong> Peso netto di 15 kg o 8 kg.<\/p><p><strong>Peso netto:<\/strong> 8 kg, <strong>peso lordo:<\/strong> 8,750 kg per cartone.<\/p><p>Imballaggio personalizzato disponibile su richiesta del cliente.<\/p>\t\t\t\t\t\t\t\t<\/div>\n\t\t\t\t<\/div>\n\t\t\t\t<\/div>\n\t\t\t\t<\/div>\n\t\t\t\t<\/div>\n\t\t\t\t\t<\/div>\n\t\t\t\t<\/div>\n\t\t\t\t<\/div>\n\t\t","protected":false},"excerpt":{"rendered":"<p>Arancione Codice HS: 080510 Disponibilit\u00e0: Variet\u00e0: Spunta, Hermes, Karkah, Mondial. Periodo di disponibilit\u00e0: da novembre a giugno Carico container: Carico container da 40 piedi da 25 tonnellate su 20 pallet. Misure: Navel: 44\/48\/56\/64\/72\/80\/88\/100\/105 Valencia: 48\/56\/64\/72\/80\/88\/100\/105\/113\/125. Baladi: 56\/64\/72\/80\/88\/100\/105\/113\/125. Imballaggio: Tipo di imballaggio: Peso netto di 15 kg o 8 kg. Peso netto: 8 kg, peso lordo: [&hellip;]<\/p>\n","protected":false},"author":3,"featured_media":0,"parent":0,"menu_order":0,"comment_status":"closed","ping_status":"closed","template":"elementor_header_footer","meta":{"footnotes":""},"class_list":["post-2437","page","type-page","status-publish","hentry"],"_links":{"self":[{"href":"https:\/\/greenexpresseg.com\/it\/wp-json\/wp\/v2\/pages\/2437","targetHints":{"allow":["GET"]}}],"collection":[{"href":"https:\/\/greenexpresseg.com\/it\/wp-json\/wp\/v2\/pages"}],"about":[{"href":"https:\/\/greenexpresseg.com\/it\/wp-json\/wp\/v2\/types\/page"}],"author":[{"embeddable":true,"href":"https:\/\/greenexpresseg.com\/it\/wp-json\/wp\/v2\/users\/3"}],"replies":[{"embeddable":true,"href":"https:\/\/greenexpresseg.com\/it\/wp-json\/wp\/v2\/comments?post=2437"}],"version-history":[{"count":4,"href":"https:\/\/greenexpresseg.com\/it\/wp-json\/wp\/v2\/pages\/2437\/revisions"}],"predecessor-version":[{"id":2611,"href":"https:\/\/greenexpresseg.com\/it\/wp-json\/wp\/v2\/pages\/2437\/revisions\/2611"}],"wp:attachment":[{"href":"https:\/\/greenexpresseg.com\/it\/wp-json\/wp\/v2\/media?parent=2437"}],"curies":[{"name":"wp","href":"https:\/\/api.w.org\/{rel}","templated":true}]}}