{"id":2459,"date":"2024-10-10T13:47:37","date_gmt":"2024-10-10T13:47:37","guid":{"rendered":"https:\/\/greenexpresseg.com\/artichoke-page\/"},"modified":"2024-10-16T13:03:18","modified_gmt":"2024-10-16T13:03:18","slug":"carciofo","status":"publish","type":"page","link":"https:\/\/greenexpresseg.com\/it\/carciofo\/","title":{"rendered":"carciofo"},"content":{"rendered":"\t\t<div data-elementor-type=\"wp-page\" data-elementor-id=\"2459\" class=\"elementor elementor-2459 elementor-1222\" data-elementor-post-type=\"page\">\n\t\t\t\t<div class=\"elementor-element elementor-element-344ddd97 e-flex e-con-boxed elementor-invisible e-con e-parent\" data-id=\"344ddd97\" data-element_type=\"container\" data-e-type=\"container\" data-settings=\"{&quot;animation&quot;:&quot;fadeIn&quot;}\">\n\t\t\t\t\t<div class=\"e-con-inner\">\n\t\t<div class=\"elementor-element elementor-element-4c34dbcb e-con-full e-flex e-con e-child\" data-id=\"4c34dbcb\" data-element_type=\"container\" data-e-type=\"container\">\n\t\t\t\t<div class=\"elementor-element elementor-element-75682b6 elementor-widget elementor-widget-image\" data-id=\"75682b6\" data-element_type=\"widget\" data-e-type=\"widget\" data-widget_type=\"image.default\">\n\t\t\t\t<div class=\"elementor-widget-container\">\n\t\t\t\t\t\t\t\t\t\t\t\t\t\t\t<img fetchpriority=\"high\" decoding=\"async\" width=\"2560\" height=\"2051\" src=\"https:\/\/greenexpresseg.com\/wp-content\/uploads\/2024\/10\/artichoces-2023-11-27-04-49-15-utc-scaled.jpg\" class=\"attachment-full size-full wp-image-1627\" alt=\"\" srcset=\"https:\/\/greenexpresseg.com\/wp-content\/uploads\/2024\/10\/artichoces-2023-11-27-04-49-15-utc-scaled.jpg 2560w, https:\/\/greenexpresseg.com\/wp-content\/uploads\/2024\/10\/artichoces-2023-11-27-04-49-15-utc-300x240.jpg 300w, https:\/\/greenexpresseg.com\/wp-content\/uploads\/2024\/10\/artichoces-2023-11-27-04-49-15-utc-1024x820.jpg 1024w, https:\/\/greenexpresseg.com\/wp-content\/uploads\/2024\/10\/artichoces-2023-11-27-04-49-15-utc-768x615.jpg 768w, https:\/\/greenexpresseg.com\/wp-content\/uploads\/2024\/10\/artichoces-2023-11-27-04-49-15-utc-1536x1231.jpg 1536w, https:\/\/greenexpresseg.com\/wp-content\/uploads\/2024\/10\/artichoces-2023-11-27-04-49-15-utc-2048x1641.jpg 2048w\" sizes=\"(max-width: 2560px) 100vw, 2560px\" \/>\t\t\t\t\t\t\t\t\t\t\t\t\t\t\t<\/div>\n\t\t\t\t<\/div>\n\t\t\t\t<div class=\"elementor-element elementor-element-6c74ac0 elementor-widget elementor-widget-image\" data-id=\"6c74ac0\" data-element_type=\"widget\" data-e-type=\"widget\" data-widget_type=\"image.default\">\n\t\t\t\t<div class=\"elementor-widget-container\">\n\t\t\t\t\t\t\t\t\t\t\t\t\t\t\t<img decoding=\"async\" width=\"960\" height=\"1280\" src=\"https:\/\/greenexpresseg.com\/wp-content\/uploads\/2024\/10\/IMG-20241007-WA0035.jpg\" class=\"attachment-full size-full wp-image-610\" alt=\"\" srcset=\"https:\/\/greenexpresseg.com\/wp-content\/uploads\/2024\/10\/IMG-20241007-WA0035.jpg 960w, https:\/\/greenexpresseg.com\/wp-content\/uploads\/2024\/10\/IMG-20241007-WA0035-225x300.jpg 225w, https:\/\/greenexpresseg.com\/wp-content\/uploads\/2024\/10\/IMG-20241007-WA0035-768x1024.jpg 768w\" sizes=\"(max-width: 960px) 100vw, 960px\" \/>\t\t\t\t\t\t\t\t\t\t\t\t\t\t\t<\/div>\n\t\t\t\t<\/div>\n\t\t\t\t<\/div>\n\t\t<div class=\"elementor-element elementor-element-6cb0798f e-con-full e-flex e-con e-child\" data-id=\"6cb0798f\" data-element_type=\"container\" data-e-type=\"container\" data-settings=\"{&quot;background_background&quot;:&quot;classic&quot;}\">\n\t\t\t\t<div class=\"elementor-element elementor-element-3a49fb4c elementor-widget elementor-widget-heading\" data-id=\"3a49fb4c\" data-element_type=\"widget\" data-e-type=\"widget\" data-widget_type=\"heading.default\">\n\t\t\t\t<div class=\"elementor-widget-container\">\n\t\t\t\t\t<h4 class=\"elementor-heading-title elementor-size-default\">Pagina del carciofo<\/h4>\t\t\t\t<\/div>\n\t\t\t\t<\/div>\n\t\t\t\t<div class=\"elementor-element elementor-element-3f34338a elementor-widget elementor-widget-heading\" data-id=\"3f34338a\" data-element_type=\"widget\" data-e-type=\"widget\" data-widget_type=\"heading.default\">\n\t\t\t\t<div class=\"elementor-widget-container\">\n\t\t\t\t\t<h4 class=\"elementor-heading-title elementor-size-default\">Codice HS: 080510<\/h4>\t\t\t\t<\/div>\n\t\t\t\t<\/div>\n\t\t<div class=\"elementor-element elementor-element-21ab3c33 e-con-full e-flex e-con e-child\" data-id=\"21ab3c33\" data-element_type=\"container\" data-e-type=\"container\">\n\t\t<div class=\"elementor-element elementor-element-46fe37ed e-con-full e-flex e-con e-child\" data-id=\"46fe37ed\" data-element_type=\"container\" data-e-type=\"container\">\n\t\t\t\t<div class=\"elementor-element elementor-element-37bcb67b elementor-widget elementor-widget-text-editor\" data-id=\"37bcb67b\" data-element_type=\"widget\" data-e-type=\"widget\" data-widget_type=\"text-editor.default\">\n\t\t\t\t<div class=\"elementor-widget-container\">\n\t\t\t\t\t\t\t\t\t<p><strong>Specifiche:<\/strong><br \/><strong>Variet\u00e0 :<\/strong> Baladi (locale) e carciofi violetti francesi (colore viola su foglie verdi).<br \/><strong>Controllo qualit\u00e0:<\/strong> esportati freschi da agricoltori e fornitori contrattualizzati per garantire la purezza della variet\u00e0 e la massima qualit\u00e0. Attenzione alla freschezza, alla sicurezza, alla responsabilit\u00e0 sociale e ambientale.<\/p>\t\t\t\t\t\t\t\t<\/div>\n\t\t\t\t<\/div>\n\t\t\t\t<\/div>\n\t\t\t\t<\/div>\n\t\t<div class=\"elementor-element elementor-element-301ccab4 e-con-full e-flex e-con e-child\" data-id=\"301ccab4\" data-element_type=\"container\" data-e-type=\"container\">\n\t\t<div class=\"elementor-element elementor-element-2e6a8f15 e-con-full e-flex e-con e-child\" data-id=\"2e6a8f15\" data-element_type=\"container\" data-e-type=\"container\">\n\t\t\t\t<div class=\"elementor-element elementor-element-293c1492 elementor-widget elementor-widget-text-editor\" data-id=\"293c1492\" data-element_type=\"widget\" data-e-type=\"widget\" data-widget_type=\"text-editor.default\">\n\t\t\t\t<div class=\"elementor-widget-container\">\n\t\t\t\t\t\t\t\t\t<p><strong>Stagione:<\/strong><\/p><ul><li>da dicembre ad aprile.<\/li><\/ul>\t\t\t\t\t\t\t\t<\/div>\n\t\t\t\t<\/div>\n\t\t\t\t<div class=\"elementor-element elementor-element-3152ee73 elementor-widget elementor-widget-text-editor\" data-id=\"3152ee73\" data-element_type=\"widget\" data-e-type=\"widget\" data-widget_type=\"text-editor.default\">\n\t\t\t\t<div class=\"elementor-widget-container\">\n\t\t\t\t\t\t\t\t\t<p><strong>Imballaggio:<\/strong><\/p><ul><li>2100 scatole contenenti 63.000 pezzi per un container da 40 piedi:<\/li><li>30 pezzi, dimensioni 8 cm x 10 cm (250 grammi ciascuno)<\/li><li>28 pezzi, dimensioni 8 cm x 10 cm (250 grammi ciascuno)<\/li><li>1680 scatole contenenti 40 pezzi:<\/li><li>40 pezzi, dimensioni 8 cm x 10 cm (250 grammi ciascuno)<\/li><li>Imballaggio personalizzato disponibile su richiesta del cliente.<\/li><\/ul>\t\t\t\t\t\t\t\t<\/div>\n\t\t\t\t<\/div>\n\t\t\t\t<\/div>\n\t\t\t\t<\/div>\n\t\t\t\t<\/div>\n\t\t\t\t\t<\/div>\n\t\t\t\t<\/div>\n\t\t\t\t<\/div>\n\t\t","protected":false},"excerpt":{"rendered":"<p>Pagina del carciofo Codice HS: 080510 Specifiche:Variet\u00e0 : Baladi (locale) e carciofi violetti francesi (colore viola su foglie verdi).Controllo qualit\u00e0: esportati freschi da agricoltori e fornitori contrattualizzati per garantire la purezza della variet\u00e0 e la massima qualit\u00e0. Attenzione alla freschezza, alla sicurezza, alla responsabilit\u00e0 sociale e ambientale. Stagione: da dicembre ad aprile. Imballaggio: 2100 scatole [&hellip;]<\/p>\n","protected":false},"author":3,"featured_media":0,"parent":0,"menu_order":0,"comment_status":"closed","ping_status":"closed","template":"elementor_header_footer","meta":{"footnotes":""},"class_list":["post-2459","page","type-page","status-publish","hentry"],"_links":{"self":[{"href":"https:\/\/greenexpresseg.com\/it\/wp-json\/wp\/v2\/pages\/2459","targetHints":{"allow":["GET"]}}],"collection":[{"href":"https:\/\/greenexpresseg.com\/it\/wp-json\/wp\/v2\/pages"}],"about":[{"href":"https:\/\/greenexpresseg.com\/it\/wp-json\/wp\/v2\/types\/page"}],"author":[{"embeddable":true,"href":"https:\/\/greenexpresseg.com\/it\/wp-json\/wp\/v2\/users\/3"}],"replies":[{"embeddable":true,"href":"https:\/\/greenexpresseg.com\/it\/wp-json\/wp\/v2\/comments?post=2459"}],"version-history":[{"count":5,"href":"https:\/\/greenexpresseg.com\/it\/wp-json\/wp\/v2\/pages\/2459\/revisions"}],"predecessor-version":[{"id":2785,"href":"https:\/\/greenexpresseg.com\/it\/wp-json\/wp\/v2\/pages\/2459\/revisions\/2785"}],"wp:attachment":[{"href":"https:\/\/greenexpresseg.com\/it\/wp-json\/wp\/v2\/media?parent=2459"}],"curies":[{"name":"wp","href":"https:\/\/api.w.org\/{rel}","templated":true}]}}